{"id":11,"date":"2014-11-11T11:14:05","date_gmt":"2014-11-11T11:14:05","guid":{"rendered":"http:\/\/anpsthemes.com\/constructo\/?page_id=11"},"modified":"2024-06-06T05:24:39","modified_gmt":"2024-06-06T02:24:39","slug":"about-us","status":"publish","type":"page","link":"https:\/\/www.csa-global.com\/de\/about-us\/","title":{"rendered":"\u00dcBER UNS"},"content":{"rendered":"<p>[vc_row][vc_column width=&#8220;1\/2&#8243;][vc_single_image image=&#8220;885&#8243; img_size=&#8220;full&#8220; alignment=&#8220;center&#8220; style=&#8220;vc_box_outline&#8220; border_color=&#8220;sky&#8220; css_animation=&#8220;fadeInLeft&#8220; css=&#8220;.vc_custom_1711190442368{margin-top: 30px !important;}&#8220;][\/vc_column][vc_column width=&#8220;1\/2&#8243;][vc_empty_space height=&#8220;20px&#8220;][vc_text_separator title=&#8220;\u00dcBER UNS&#8220; color=&#8220;black&#8220;][vc_empty_space height=&#8220;20px&#8220;][vc_column_text]CSA Global hat sich zum Ziel gesetzt, einer der Marktf\u00fchrer bei der Bereitstellung von Gesch\u00e4ftsl\u00f6sungen zu sein, die die gesamte Lieferkette nach unserem Motto umfassen: \u201eVerbessern Sie Ihre Beschaffungsstrategie mit unserem Fachwissen: Premium-Lieferanten, wettbewerbsf\u00e4hige Preise, kompromisslose Qualit\u00e4t und p\u00fcnktliche Lieferung.\u201c<\/p>\n<p>Das Unternehmen verf\u00fcgt \u00fcber Vertretungen in Deutschland, Belgien und der T\u00fcrkei sowie \u00fcber Agenten und Partner im Rest der Welt. Unser multikulturelles und mehrsprachiges Team verf\u00fcgt \u00fcber mehr als 32 Jahre Erfahrung im internationalen Einkauf auf hohem Niveau in der Automobilindustrie und hat seit Jahren viele Ressourcenbeschaffungs-, Transfer- und neue Designprojekte durchgef\u00fchrt, um seine Leistungsf\u00e4higkeit unter Beweis zu stellen.<\/p>\n<p>Wir verf\u00fcgen \u00fcber ein sehr detailliertes Wissen \u00fcber alle Arten von Rohstoffen sowie \u00fcber umfassende Erfahrung und Know-how in Bereichen wie: Gie\u00dfen, Stanzen, Druckguss, Spritzguss, Schmieden, Tiefziehen, Kabel, Mechanismus, Montage, usw. Nach jahrelanger Erfahrung haben wir ein erstklassiges Netzwerk von Lieferanten mit Sitz in der T\u00fcrkei, Indien und China aufgebaut.<\/p>\n<p>Unser Ziel ist es, unseren Kunden mit unseren Panellieferanten den besten Preis, die beste Qualit\u00e4t und die besten Lieferbedingungen zu bieten. Wir arbeiten derzeit mit 10 verschiedenen globalen Automobilunternehmen (OEM, T\u0130ER 1) zusammen, die ihren Ursprung in Deutschland, Frankreich, Spanien, den Niederlanden und \u00d6sterreich haben und einen Gesamtumsatz von 70 Milliarden Euro erwirtschaften.<\/p>\n<p>Neben der Beratung arbeiten wir auch mit mittelst\u00e4ndischen Unternehmen in Europa zu Handelszwecken zusammen, um sie bei der Best-Cost-Country-Sourcing-Strategie zu unterst\u00fctzen.<\/p>\n<p>Kommen Sie also zu uns und lassen Sie sich von unserem Fachwissen und Ihrem Produkt unterst\u00fctzen, um den besten Vorteil und Gewinn f\u00fcr Sie zu erzielen![\/vc_column_text][\/vc_column][\/vc_row]<\/p>","protected":false},"excerpt":{"rendered":"<p>[vc_row][vc_column width=&#8220;1\/2&#8243;][vc_single_image image=&#8220;885&#8243; img_size=&#8220;full&#8220; alignment=&#8220;center&#8220; style=&#8220;vc_box_outline&#8220; border_color=&#8220;sky&#8220; css_animation=&#8220;fadeInLeft&#8220; css=&#8220;.vc_custom_1711190442368{margin-top: 30px !important;}&#8220;][\/vc_column][vc_column width=&#8220;1\/2&#8243;][vc_empty_space height=&#8220;20px&#8220;][vc_text_separator title=&#8220;\u00dcBER UNS&#8220; color=&#8220;black&#8220;][vc_empty_space height=&#8220;20px&#8220;][vc_column_text]CSA Global hat sich zum Ziel gesetzt, einer der Marktf\u00fchrer bei der Bereitstellung von Gesch\u00e4ftsl\u00f6sungen zu sein, die die gesamte Lieferkette nach unserem Motto&#8230;<\/p>\n","protected":false},"author":1,"featured_media":0,"parent":0,"menu_order":0,"comment_status":"open","ping_status":"open","template":"","meta":{"footnotes":""},"class_list":["post-11","page","type-page","status-publish","hentry"],"_links":{"self":[{"href":"https:\/\/www.csa-global.com\/de\/wp-json\/wp\/v2\/pages\/11","targetHints":{"allow":["GET"]}}],"collection":[{"href":"https:\/\/www.csa-global.com\/de\/wp-json\/wp\/v2\/pages"}],"about":[{"href":"https:\/\/www.csa-global.com\/de\/wp-json\/wp\/v2\/types\/page"}],"author":[{"embeddable":true,"href":"https:\/\/www.csa-global.com\/de\/wp-json\/wp\/v2\/users\/1"}],"replies":[{"embeddable":true,"href":"https:\/\/www.csa-global.com\/de\/wp-json\/wp\/v2\/comments?post=11"}],"version-history":[{"count":11,"href":"https:\/\/www.csa-global.com\/de\/wp-json\/wp\/v2\/pages\/11\/revisions"}],"predecessor-version":[{"id":1036,"href":"https:\/\/www.csa-global.com\/de\/wp-json\/wp\/v2\/pages\/11\/revisions\/1036"}],"wp:attachment":[{"href":"https:\/\/www.csa-global.com\/de\/wp-json\/wp\/v2\/media?parent=11"}],"curies":[{"name":"wp","href":"https:\/\/api.w.org\/{rel}","templated":true}]}}