{"id":865,"date":"2024-03-23T12:27:04","date_gmt":"2024-03-23T09:27:04","guid":{"rendered":"https:\/\/www.csa-global.com\/?page_id=865"},"modified":"2024-06-06T05:23:38","modified_gmt":"2024-06-06T02:23:38","slug":"our-references","status":"publish","type":"page","link":"https:\/\/www.csa-global.com\/de\/our-references\/","title":{"rendered":"UNSERE REFERENZEN"},"content":{"rendered":"<p>[vc_row][vc_column width=&#8220;1\/2&#8243;][vc_single_image image=&#8220;961&#8243; img_size=&#8220;full&#8220; alignment=&#8220;center&#8220; style=&#8220;vc_box_outline&#8220; border_color=&#8220;blue&#8220; css_animation=&#8220;fadeInDown&#8220;][\/vc_column][vc_column width=&#8220;1\/2&#8243; css=&#8220;.vc_custom_1713317760890{margin-top: 100px !important;}&#8220;][vc_column_text css_animation=&#8220;fadeInRight&#8220;]<strong>UNSERE REFERENZEN<\/strong><\/p>\n<p>Nachdem wir viele Jahre in der Branche t\u00e4tig waren, konnte unser Unternehmen dank seines vertrauensw\u00fcrdigen Rufs und Netzwerks seinen Kundenstamm sehr schnell erweitern.<\/p>\n<p>Wir sind stolz darauf, mehr als 30 internationale Kunden aus vielen verschiedenen europ\u00e4ischen L\u00e4ndern zu haben, darunter Frankreich, Deutschland, Spanien, Niederlande, \u00d6sterreich und Bulgarien, haupts\u00e4chlich aus dem Automobilsektor, einschlie\u00dflich aller Arten von Fahrzeugen wie: Personenkraftwagen, Nutzfahrzeuge, Landwirtschaft, Busse, Baufahrzeuge usw, sowie alle Arten von gezogenen Fahrzeugen.<\/p>\n<p>Als Berater haben wir bereits eine Geheimhaltungsvereinbarung mit mehr als 10 f\u00fchrenden europ\u00e4ischen Automobilunternehmen (OEM oder TIER 1) unterzeichnet. Der Gesamtumsatz dieser Kunden betr\u00e4gt mehr als 70 Milliarden Euro.<\/p>\n<p>Dar\u00fcber hinaus unterst\u00fctzen wir auch viele andere europ\u00e4ische Kunden mit unseren Handelsaktivit\u00e4ten, bei denen wir den Prozess von der Anfragephase bis zur Lieferung vor Ort begleiten.[\/vc_column_text][\/vc_column][\/vc_row]<\/p>","protected":false},"excerpt":{"rendered":"<p>[vc_row][vc_column width=&#8220;1\/2&#8243;][vc_single_image image=&#8220;961&#8243; img_size=&#8220;full&#8220; alignment=&#8220;center&#8220; style=&#8220;vc_box_outline&#8220; border_color=&#8220;blue&#8220; css_animation=&#8220;fadeInDown&#8220;][\/vc_column][vc_column width=&#8220;1\/2&#8243; css=&#8220;.vc_custom_1713317760890{margin-top: 100px !important;}&#8220;][vc_column_text css_animation=&#8220;fadeInRight&#8220;]UNSERE REFERENZEN Nachdem wir viele Jahre in der Branche t\u00e4tig waren, konnte unser Unternehmen dank seines vertrauensw\u00fcrdigen Rufs und Netzwerks seinen Kundenstamm sehr schnell erweitern. Wir sind stolz&#8230;<\/p>\n","protected":false},"author":1,"featured_media":0,"parent":0,"menu_order":0,"comment_status":"closed","ping_status":"closed","template":"","meta":{"footnotes":""},"class_list":["post-865","page","type-page","status-publish","hentry"],"_links":{"self":[{"href":"https:\/\/www.csa-global.com\/de\/wp-json\/wp\/v2\/pages\/865","targetHints":{"allow":["GET"]}}],"collection":[{"href":"https:\/\/www.csa-global.com\/de\/wp-json\/wp\/v2\/pages"}],"about":[{"href":"https:\/\/www.csa-global.com\/de\/wp-json\/wp\/v2\/types\/page"}],"author":[{"embeddable":true,"href":"https:\/\/www.csa-global.com\/de\/wp-json\/wp\/v2\/users\/1"}],"replies":[{"embeddable":true,"href":"https:\/\/www.csa-global.com\/de\/wp-json\/wp\/v2\/comments?post=865"}],"version-history":[{"count":9,"href":"https:\/\/www.csa-global.com\/de\/wp-json\/wp\/v2\/pages\/865\/revisions"}],"predecessor-version":[{"id":1035,"href":"https:\/\/www.csa-global.com\/de\/wp-json\/wp\/v2\/pages\/865\/revisions\/1035"}],"wp:attachment":[{"href":"https:\/\/www.csa-global.com\/de\/wp-json\/wp\/v2\/media?parent=865"}],"curies":[{"name":"wp","href":"https:\/\/api.w.org\/{rel}","templated":true}]}}