{"id":868,"date":"2024-03-23T12:28:01","date_gmt":"2024-03-23T09:28:01","guid":{"rendered":"https:\/\/www.csa-global.com\/?page_id=868"},"modified":"2024-06-26T04:28:30","modified_gmt":"2024-06-26T01:28:30","slug":"consulting-3","status":"publish","type":"page","link":"https:\/\/www.csa-global.com\/de\/consulting-3\/","title":{"rendered":"Beratung"},"content":{"rendered":"<p>[vc_row][vc_column width=&#8220;1\/2&#8243;][vc_single_image image=&#8220;906&#8243; img_size=&#8220;full&#8220; alignment=&#8220;center&#8220; style=&#8220;vc_box_outline&#8220; border_color=&#8220;blue&#8220; css_animation=&#8220;fadeInDown&#8220;][\/vc_column][vc_column width=&#8220;1\/2&#8243;][vc_column_text css_animation=&#8220;fadeInRight&#8220;]<strong>Beratung<\/strong><\/p>\n<p>Unser Beratungsservice kann je nach den individuellen Anforderungen eines Unternehmens viele Formen annehmen und langfristige Partnerschaften, kurzfristige Programme, Expertenrat oder kategoriespezifische Projekte umfassen. Dazu k\u00f6nnen geh\u00f6ren:<\/p>\n<ul>\n<li>Analytische Bewertung der aktuellen Gesch\u00e4ftsaktivit\u00e4ten, einschlie\u00dflich Einkaufsprozess und Ressourcen<\/li>\n<li>Benchmarking bestehender Bedingungen und Vereinbarungen<\/li>\n<li>Neuausschreibung und Verhandlung von Vertr\u00e4gen<\/li>\n<li>Rationalisierung der Lieferkette<\/li>\n<li>Kostensenkungsprojekte<\/li>\n<li>Zugang zu neuen M\u00e4rkten<\/li>\n<li>\u00c4nderungsmanagement<\/li>\n<li>Machbarkeitsstudien<\/li>\n<\/ul>\n<p>Unser Ansatz ist kollaborativ. Gemeinsam mit Kunden entwickeln wir ein Projekt mit klaren Pl\u00e4nen, Meilensteinen und Erfolgsma\u00dfst\u00e4ben. Anschlie\u00dfend stellen wir durch regelm\u00e4\u00dfige \u00dcberpr\u00fcfungen sicher, dass die Fortschritte \u00fcberwacht werden.<\/p>\n<p>Unser erfahrenes Team mit ausgestatteten Tools kann Ihre aktuellen Verfahren in allen Ausgabenkategorien untersuchen und Daten von beiden Enden der Lieferkette erhalten, um St\u00e4rken und Schw\u00e4chen zu identifizieren und Empfehlungen abzugeben.<\/p>\n<p>Unsere Analysephase w\u00fcrde Folgendes umfassen:<\/p>\n<ul>\n<li>Bewertung der Einkaufsbedingungen und -verfahren<\/li>\n<li>Richtlinien zur Lieferantenauswahl und -nominierung<\/li>\n<li>Aktuelle Einkaufsstrategie<\/li>\n<li>Zusammenfassung der annualisierten K\u00e4ufe nach Produkt und Wert<\/li>\n<\/ul>\n<p>Es w\u00fcrde sich auch auf Folgendes konzentrieren:<\/p>\n<ul>\n<li>Lieferantenf\u00e4higkeiten<\/li>\n<li>Bestellprozess<\/li>\n<li>Einkaufs-Compliance<\/li>\n<li>Qualit\u00e4t der bereitgestellten Waren und Dienstleistungen<\/li>\n<li>Preiskontrolle<\/li>\n<li>Inventar<\/li>\n<li>Rechnungsverarbeitung<\/li>\n<li>Zahlungsbedingungen<\/li>\n<\/ul>\n<p>Anschlie\u00dfend w\u00fcrden wir einen detaillierten Bericht \u00fcber unsere Ergebnisse zusammen mit Empfehlungen f\u00fcr eine vorgeschlagene Strategie zur Ver\u00e4nderung und Verbesserung vorlegen.<\/p>\n<p>Erst nach Gespr\u00e4chen und Vereinbarung mit Ihnen w\u00fcrden wir spezifische schrittweise Aktivit\u00e4ten innerhalb best\u00e4tigter Verantwortungsbereiche und Zeitrahmen durchf\u00fchren. Jede Phase muss mit einem formellen Bericht und einer Zusammenfassung der ergriffenen Ma\u00dfnahmen und gesicherten Vorteile abgeschlossen werden.[\/vc_column_text][\/vc_column][\/vc_row]<\/p>","protected":false},"excerpt":{"rendered":"<p>[vc_row][vc_column width=&#8220;1\/2&#8243;][vc_single_image image=&#8220;906&#8243; img_size=&#8220;full&#8220; alignment=&#8220;center&#8220; style=&#8220;vc_box_outline&#8220; border_color=&#8220;blue&#8220; css_animation=&#8220;fadeInDown&#8220;][\/vc_column][vc_column width=&#8220;1\/2&#8243;][vc_column_text css_animation=&#8220;fadeInRight&#8220;]Beratung Unser Beratungsservice kann je nach den individuellen Anforderungen eines Unternehmens viele Formen annehmen und langfristige Partnerschaften, kurzfristige Programme, Expertenrat oder kategoriespezifische Projekte umfassen. Dazu k\u00f6nnen geh\u00f6ren: Analytische Bewertung der aktuellen&#8230;<\/p>\n","protected":false},"author":1,"featured_media":0,"parent":0,"menu_order":0,"comment_status":"closed","ping_status":"closed","template":"","meta":{"footnotes":""},"class_list":["post-868","page","type-page","status-publish","hentry"],"_links":{"self":[{"href":"https:\/\/www.csa-global.com\/de\/wp-json\/wp\/v2\/pages\/868","targetHints":{"allow":["GET"]}}],"collection":[{"href":"https:\/\/www.csa-global.com\/de\/wp-json\/wp\/v2\/pages"}],"about":[{"href":"https:\/\/www.csa-global.com\/de\/wp-json\/wp\/v2\/types\/page"}],"author":[{"embeddable":true,"href":"https:\/\/www.csa-global.com\/de\/wp-json\/wp\/v2\/users\/1"}],"replies":[{"embeddable":true,"href":"https:\/\/www.csa-global.com\/de\/wp-json\/wp\/v2\/comments?post=868"}],"version-history":[{"count":10,"href":"https:\/\/www.csa-global.com\/de\/wp-json\/wp\/v2\/pages\/868\/revisions"}],"predecessor-version":[{"id":1041,"href":"https:\/\/www.csa-global.com\/de\/wp-json\/wp\/v2\/pages\/868\/revisions\/1041"}],"wp:attachment":[{"href":"https:\/\/www.csa-global.com\/de\/wp-json\/wp\/v2\/media?parent=868"}],"curies":[{"name":"wp","href":"https:\/\/api.w.org\/{rel}","templated":true}]}}