{"id":871,"date":"2024-03-23T12:28:01","date_gmt":"2024-03-23T09:28:01","guid":{"rendered":"https:\/\/www.csa-global.com\/?page_id=871"},"modified":"2024-07-16T10:33:15","modified_gmt":"2024-07-16T07:33:15","slug":"supplier-auditing","status":"publish","type":"page","link":"https:\/\/www.csa-global.com\/de\/supplier-auditing\/","title":{"rendered":"Lieferantenaudit"},"content":{"rendered":"<p>[vc_row][vc_column width=&#8220;1\/2&#8243;][vc_single_image image=&#8220;910&#8243; img_size=&#8220;full&#8220; alignment=&#8220;center&#8220; style=&#8220;vc_box_outline&#8220; border_color=&#8220;blue&#8220; css_animation=&#8220;fadeInDown&#8220;][\/vc_column][vc_column width=&#8220;1\/2&#8243;][vc_column_text css_animation=&#8220;fadeInRight&#8220;]<strong>Lieferantenaudit<\/strong><\/p>\n<p>F\u00fcr Organisationen, die Programme zur Lieferantenqualit\u00e4tssicherung (SQA) durchf\u00fchren, bieten die Berater von CSA Global (zertifiziert durch SGS YARSLEY) einen professionellen und effizienten Lieferantenaudit- und -bewertungsservice in der gesamten T\u00fcrkei, Europa, China und Indien an und stellen Ihnen die Informationen zur Verf\u00fcgung, die Sie zur Beurteilung der Kompetenz ihrer Lieferanten<\/p>\n<p>Durch den ausschlie\u00dflichen Einsatz erfahrener Auditoren stellen wir sicher, dass Sie ein vollst\u00e4ndiges Bild \u00fcber Ihre Lieferanten haben. Unsere Bewertungsmethodik kann an die besonderen Anforderungen Ihres SQA-Programms angepasst werden. Unser typisches Auditprogramm umfasst Folgendes:<\/p>\n<ul>\n<li>\u00dcberpr\u00fcfung vor dem Audit mit dem Kunden, um Umfang und Art der vom Lieferanten gekauften Produkte, besondere Anforderungen, Problembereiche und Kundenanforderungen an den Umfang und die Dokumentation des Audits zu ermitteln.<\/li>\n<li>\u00dcberpr\u00fcfung vor dem Audit mit dem Lieferanten, um die Vereinbarungen f\u00fcr das Audit, Art und Umfang des Audits sowie den geplanten Zeitplan f\u00fcr die Aktivit\u00e4ten zu best\u00e4tigen.<\/li>\n<li>Aufnahme von Lieferantenreferenzen.<\/li>\n<li>Vor-Ort-Audit mit abschlie\u00dfender m\u00fcndlicher Nachbesprechung des Lieferanten.<\/li>\n<li>M\u00fcndliche Nachbesprechung und Zusammenfassung der ersten Ergebnisse f\u00fcr den Kunden nach Abschluss des Audits (falls erforderlich).<\/li>\n<li>Zusammenfassender Bericht potenzieller Verbesserungsbereiche an den Lieferanten.<\/li>\n<li>Detaillierter Bericht der Auditergebnisse zu Management, Einrichtungen und Angemessenheit des Qualit\u00e4tsmanagementsystems. Soweit m\u00f6glich werden w\u00e4hrend des Audits aufgenommene Fotos verwendet. Zus\u00e4tzlich zum detaillierten Bericht wird eine Managementzusammenfassung einschlie\u00dflich einer Empfehlung zur Eignung des Lieferanten bereitgestellt.<\/li>\n<\/ul>\n<p>[\/vc_column_text][\/vc_column][\/vc_row]<\/p>","protected":false},"excerpt":{"rendered":"<p>[vc_row][vc_column width=&#8220;1\/2&#8243;][vc_single_image image=&#8220;910&#8243; img_size=&#8220;full&#8220; alignment=&#8220;center&#8220; style=&#8220;vc_box_outline&#8220; border_color=&#8220;blue&#8220; css_animation=&#8220;fadeInDown&#8220;][\/vc_column][vc_column width=&#8220;1\/2&#8243;][vc_column_text css_animation=&#8220;fadeInRight&#8220;]Lieferantenaudit F\u00fcr Organisationen, die Programme zur Lieferantenqualit\u00e4tssicherung (SQA) durchf\u00fchren, bieten die Berater von CSA Global (zertifiziert durch SGS YARSLEY) einen professionellen und effizienten Lieferantenaudit- und -bewertungsservice in der gesamten T\u00fcrkei, Europa,&#8230;<\/p>\n","protected":false},"author":1,"featured_media":0,"parent":0,"menu_order":0,"comment_status":"closed","ping_status":"closed","template":"","meta":{"footnotes":""},"class_list":["post-871","page","type-page","status-publish","hentry"],"_links":{"self":[{"href":"https:\/\/www.csa-global.com\/de\/wp-json\/wp\/v2\/pages\/871","targetHints":{"allow":["GET"]}}],"collection":[{"href":"https:\/\/www.csa-global.com\/de\/wp-json\/wp\/v2\/pages"}],"about":[{"href":"https:\/\/www.csa-global.com\/de\/wp-json\/wp\/v2\/types\/page"}],"author":[{"embeddable":true,"href":"https:\/\/www.csa-global.com\/de\/wp-json\/wp\/v2\/users\/1"}],"replies":[{"embeddable":true,"href":"https:\/\/www.csa-global.com\/de\/wp-json\/wp\/v2\/comments?post=871"}],"version-history":[{"count":11,"href":"https:\/\/www.csa-global.com\/de\/wp-json\/wp\/v2\/pages\/871\/revisions"}],"predecessor-version":[{"id":1051,"href":"https:\/\/www.csa-global.com\/de\/wp-json\/wp\/v2\/pages\/871\/revisions\/1051"}],"wp:attachment":[{"href":"https:\/\/www.csa-global.com\/de\/wp-json\/wp\/v2\/media?parent=871"}],"curies":[{"name":"wp","href":"https:\/\/api.w.org\/{rel}","templated":true}]}}