{"id":872,"date":"2024-03-23T12:28:01","date_gmt":"2024-03-23T09:28:01","guid":{"rendered":"https:\/\/www.csa-global.com\/?page_id=872"},"modified":"2024-06-06T05:08:13","modified_gmt":"2024-06-06T02:08:13","slug":"trading-2","status":"publish","type":"page","link":"https:\/\/www.csa-global.com\/de\/trading-2\/","title":{"rendered":"Handel"},"content":{"rendered":"<p>[vc_row][vc_column width=&#8220;1\/2&#8243;][vc_single_image image=&#8220;912&#8243; img_size=&#8220;full&#8220; alignment=&#8220;center&#8220; style=&#8220;vc_box_outline&#8220; border_color=&#8220;blue&#8220; css_animation=&#8220;fadeInDown&#8220;][\/vc_column][vc_column width=&#8220;1\/2&#8243;][vc_column_text css_animation=&#8220;fadeInRight&#8220;]<strong>Handel<\/strong><\/p>\n<p>CSA Global, Ihre erste Adresse f\u00fcr umfassende Handelsl\u00f6sungen. Mit einem Schwerpunkt auf Import und Export sind wir darauf spezialisiert, die Komplexit\u00e4t des globalen Handels nahtlos zu bew\u00e4ltigen und einen reibungslosen und effizienten Prozess von Anfang bis Ende zu gew\u00e4hrleisten.<\/p>\n<p>Von der Anfragephase bis zur Lieferung an Ihre Haust\u00fcr liegt es in unserer Verantwortung, alles so einfach und bequem wie m\u00f6glich zu gestalten. Unser engagiertes Expertenteam k\u00fcmmert sich um die Einzelheiten des Transports, der Logistik, der Dokumentation und der Zollverfahren, sodass Sie sich auf das Wesentliche konzentrieren k\u00f6nnen \u2013 das Wachstum Ihres Unternehmens. Wir managen alles von A bis Z.<\/p>\n<p>Der Umfang der Handelsaktivit\u00e4ten kann hinsichtlich Branche, Produkt, Material und Volumen ein breites Spektrum abdecken.[\/vc_column_text][vc_single_image image=&#8220;959&#8243; img_size=&#8220;full&#8220; alignment=&#8220;center&#8220; style=&#8220;vc_box_outline&#8220; border_color=&#8220;blue&#8220; css_animation=&#8220;fadeInDown&#8220; css=&#8220;.vc_custom_1713317173010{margin-top: 50px !important;}&#8220;][\/vc_column][\/vc_row]<\/p>","protected":false},"excerpt":{"rendered":"<p>[vc_row][vc_column width=&#8220;1\/2&#8243;][vc_single_image image=&#8220;912&#8243; img_size=&#8220;full&#8220; alignment=&#8220;center&#8220; style=&#8220;vc_box_outline&#8220; border_color=&#8220;blue&#8220; css_animation=&#8220;fadeInDown&#8220;][\/vc_column][vc_column width=&#8220;1\/2&#8243;][vc_column_text css_animation=&#8220;fadeInRight&#8220;]Handel CSA Global, Ihre erste Adresse f\u00fcr umfassende Handelsl\u00f6sungen. Mit einem Schwerpunkt auf Import und Export sind wir darauf spezialisiert, die Komplexit\u00e4t des globalen Handels nahtlos zu bew\u00e4ltigen und einen reibungslosen&#8230;<\/p>\n","protected":false},"author":1,"featured_media":0,"parent":0,"menu_order":0,"comment_status":"closed","ping_status":"closed","template":"","meta":{"footnotes":""},"class_list":["post-872","page","type-page","status-publish","hentry"],"_links":{"self":[{"href":"https:\/\/www.csa-global.com\/de\/wp-json\/wp\/v2\/pages\/872","targetHints":{"allow":["GET"]}}],"collection":[{"href":"https:\/\/www.csa-global.com\/de\/wp-json\/wp\/v2\/pages"}],"about":[{"href":"https:\/\/www.csa-global.com\/de\/wp-json\/wp\/v2\/types\/page"}],"author":[{"embeddable":true,"href":"https:\/\/www.csa-global.com\/de\/wp-json\/wp\/v2\/users\/1"}],"replies":[{"embeddable":true,"href":"https:\/\/www.csa-global.com\/de\/wp-json\/wp\/v2\/comments?post=872"}],"version-history":[{"count":10,"href":"https:\/\/www.csa-global.com\/de\/wp-json\/wp\/v2\/pages\/872\/revisions"}],"predecessor-version":[{"id":1023,"href":"https:\/\/www.csa-global.com\/de\/wp-json\/wp\/v2\/pages\/872\/revisions\/1023"}],"wp:attachment":[{"href":"https:\/\/www.csa-global.com\/de\/wp-json\/wp\/v2\/media?parent=872"}],"curies":[{"name":"wp","href":"https:\/\/api.w.org\/{rel}","templated":true}]}}