{"id":887,"date":"2024-03-23T13:41:33","date_gmt":"2024-03-23T10:41:33","guid":{"rendered":"https:\/\/www.csa-global.com\/?page_id=887"},"modified":"2024-06-06T05:14:39","modified_gmt":"2024-06-06T02:14:39","slug":"mission","status":"publish","type":"page","link":"https:\/\/www.csa-global.com\/de\/mission\/","title":{"rendered":"Mission"},"content":{"rendered":"<p>[vc_row][vc_column width=&#8220;1\/2&#8243;][vc_single_image image=&#8220;939&#8243; img_size=&#8220;full&#8220; alignment=&#8220;center&#8220;][\/vc_column][vc_column width=&#8220;1\/2&#8243;][vc_column_text]<strong>Als Br\u00fccke zwischen Niedrigkosten- und Hochkostenl\u00e4ndern fungieren<\/strong><\/p>\n<p>&nbsp;<\/p>\n<p>Bei CSA Global, das auf eine 32-j\u00e4hrige Erfahrung in der Automobilindustrie zur\u00fcckblicken kann, ist es unsere Mission, als wichtige Br\u00fccke zwischen der T\u00fcrkei und dem globalen Markt zu fungieren. Wir nutzen unser umfangreiches Fachwissen und widmen uns der Beschaffung hochwertiger Produkte aus der vielf\u00e4ltigen und reichen Landschaft der T\u00fcrkei. Gleichzeitig bieten wir nahtlose Handelsm\u00f6glichkeiten \u00fcber Grenzen hinweg, f\u00f6rdern internationale Beziehungen und erm\u00f6glichen einen dynamischen Austausch zwischen der T\u00fcrkei und dem Rest der Welt.<\/p>\n<p>Basierend auf den Prinzipien von Innovation, Transparenz und Kooperationen streben wir danach, ein globales Netzwerk zu schaffen, das kulturelle und geografische Grenzen \u00fcberschreitet. Durch unsere langj\u00e4hrige Erfahrung m\u00f6chten wir zum Wachstum und Wohlstand von Unternehmen sowohl in der T\u00fcrkei als auch im Ausland beitragen und die wirtschaftliche Entwicklung und den kulturellen Austausch f\u00f6rdern.<\/p>\n<p>Begleiten Sie uns auf dieser 32-j\u00e4hrigen Reise, w\u00e4hrend wir Br\u00fccken bauen, Verbindungen f\u00f6rdern und die Welt zu einem engeren und integrierteren Ort machen.[\/vc_column_text][\/vc_column][\/vc_row]<\/p>","protected":false},"excerpt":{"rendered":"<p>[vc_row][vc_column width=&#8220;1\/2&#8243;][vc_single_image image=&#8220;939&#8243; img_size=&#8220;full&#8220; alignment=&#8220;center&#8220;][\/vc_column][vc_column width=&#8220;1\/2&#8243;][vc_column_text]Als Br\u00fccke zwischen Niedrigkosten- und Hochkostenl\u00e4ndern fungieren &nbsp; Bei CSA Global, das auf eine 32-j\u00e4hrige Erfahrung in der Automobilindustrie zur\u00fcckblicken kann, ist es unsere Mission, als wichtige Br\u00fccke zwischen der T\u00fcrkei und dem globalen Markt&#8230;<\/p>\n","protected":false},"author":1,"featured_media":0,"parent":0,"menu_order":0,"comment_status":"closed","ping_status":"closed","template":"","meta":{"footnotes":""},"class_list":["post-887","page","type-page","status-publish","hentry"],"_links":{"self":[{"href":"https:\/\/www.csa-global.com\/de\/wp-json\/wp\/v2\/pages\/887","targetHints":{"allow":["GET"]}}],"collection":[{"href":"https:\/\/www.csa-global.com\/de\/wp-json\/wp\/v2\/pages"}],"about":[{"href":"https:\/\/www.csa-global.com\/de\/wp-json\/wp\/v2\/types\/page"}],"author":[{"embeddable":true,"href":"https:\/\/www.csa-global.com\/de\/wp-json\/wp\/v2\/users\/1"}],"replies":[{"embeddable":true,"href":"https:\/\/www.csa-global.com\/de\/wp-json\/wp\/v2\/comments?post=887"}],"version-history":[{"count":13,"href":"https:\/\/www.csa-global.com\/de\/wp-json\/wp\/v2\/pages\/887\/revisions"}],"predecessor-version":[{"id":1031,"href":"https:\/\/www.csa-global.com\/de\/wp-json\/wp\/v2\/pages\/887\/revisions\/1031"}],"wp:attachment":[{"href":"https:\/\/www.csa-global.com\/de\/wp-json\/wp\/v2\/media?parent=887"}],"curies":[{"name":"wp","href":"https:\/\/api.w.org\/{rel}","templated":true}]}}