{"id":888,"date":"2024-03-23T13:41:43","date_gmt":"2024-03-23T10:41:43","guid":{"rendered":"https:\/\/www.csa-global.com\/?page_id=888"},"modified":"2024-07-16T10:16:30","modified_gmt":"2024-07-16T07:16:30","slug":"vision","status":"publish","type":"page","link":"https:\/\/www.csa-global.com\/de\/vision\/","title":{"rendered":"Vision"},"content":{"rendered":"<p>[vc_row][vc_column width=&#8220;1\/2&#8243;][vc_single_image image=&#8220;944&#8243; img_size=&#8220;full&#8220; alignment=&#8220;center&#8220;][\/vc_column][vc_column width=&#8220;1\/2&#8243;][vc_column_text]<strong>Schaffen Sie Wettbewerbsvorteile durch Kooperationen<\/strong><\/p>\n<p>&nbsp;<\/p>\n<p>Wenn wir uns bei CSA Global die Zukunft vorstellen, sehen wir in der T\u00fcrkei aufgrund ihrer geografischen Lage einen potenziell wachsenden Markt, der den Vorteil einer kosteng\u00fcnstigen Produktbeschaffung und bester Qualit\u00e4t bietet. Unsere Vision ist es, die treibende Kraft hinter einem dynamischen \u00d6kosystem zu sein, in dem sich Unternehmen in der T\u00fcrkei nahtlos in den globalen Markt integrieren und dabei unser Fachwissen und unser umfangreiches Netzwerk nutzen.<\/p>\n<p>Unser Ziel ist es, eine langfristige Beziehung zu unseren Kunden aufzubauen und ihnen auf dem gesamten Weg zur Seite zu stehen.<\/p>\n<p>Bei Ihren globalen Beschaffungsanforderungen k\u00f6nnen Sie sich auf die Expertise von CSA Global verlassen und von unserer langj\u00e4hrigen Erfahrung mit einem weitreichenden Lieferantennetzwerk in den unterschiedlichsten Branchen profitieren.<\/p>\n<p>Bitte kontaktieren sie uns. Gerne besprechen wir Ihre Interessen und schauen, wie wir Sie und Ihr Unternehmen unterst\u00fctzen k\u00f6nnen.[\/vc_column_text][\/vc_column][\/vc_row]<\/p>","protected":false},"excerpt":{"rendered":"<p>[vc_row][vc_column width=&#8220;1\/2&#8243;][vc_single_image image=&#8220;944&#8243; img_size=&#8220;full&#8220; alignment=&#8220;center&#8220;][\/vc_column][vc_column width=&#8220;1\/2&#8243;][vc_column_text]Schaffen Sie Wettbewerbsvorteile durch Kooperationen &nbsp; Wenn wir uns bei CSA Global die Zukunft vorstellen, sehen wir in der T\u00fcrkei aufgrund ihrer geografischen Lage einen potenziell wachsenden Markt, der den Vorteil einer kosteng\u00fcnstigen Produktbeschaffung und&#8230;<\/p>\n","protected":false},"author":1,"featured_media":0,"parent":0,"menu_order":0,"comment_status":"closed","ping_status":"closed","template":"","meta":{"footnotes":""},"class_list":["post-888","page","type-page","status-publish","hentry"],"_links":{"self":[{"href":"https:\/\/www.csa-global.com\/de\/wp-json\/wp\/v2\/pages\/888","targetHints":{"allow":["GET"]}}],"collection":[{"href":"https:\/\/www.csa-global.com\/de\/wp-json\/wp\/v2\/pages"}],"about":[{"href":"https:\/\/www.csa-global.com\/de\/wp-json\/wp\/v2\/types\/page"}],"author":[{"embeddable":true,"href":"https:\/\/www.csa-global.com\/de\/wp-json\/wp\/v2\/users\/1"}],"replies":[{"embeddable":true,"href":"https:\/\/www.csa-global.com\/de\/wp-json\/wp\/v2\/comments?post=888"}],"version-history":[{"count":12,"href":"https:\/\/www.csa-global.com\/de\/wp-json\/wp\/v2\/pages\/888\/revisions"}],"predecessor-version":[{"id":1043,"href":"https:\/\/www.csa-global.com\/de\/wp-json\/wp\/v2\/pages\/888\/revisions\/1043"}],"wp:attachment":[{"href":"https:\/\/www.csa-global.com\/de\/wp-json\/wp\/v2\/media?parent=888"}],"curies":[{"name":"wp","href":"https:\/\/api.w.org\/{rel}","templated":true}]}}