{"id":11,"date":"2014-11-11T11:14:05","date_gmt":"2014-11-11T11:14:05","guid":{"rendered":"http:\/\/anpsthemes.com\/constructo\/?page_id=11"},"modified":"2024-06-06T05:24:39","modified_gmt":"2024-06-06T02:24:39","slug":"about-us","status":"publish","type":"page","link":"https:\/\/www.csa-global.com\/fr\/about-us\/","title":{"rendered":"A PROPOS"},"content":{"rendered":"<p>[vc_row][vc_column width=\u00a0\u00bb1\/2&Prime;][vc_single_image image=\u00a0\u00bb885&Prime; img_size=\u00a0\u00bbfull\u00a0\u00bb alignment=\u00a0\u00bbcenter\u00a0\u00bb style=\u00a0\u00bbvc_box_outline\u00a0\u00bb border_color=\u00a0\u00bbsky\u00a0\u00bb css_animation=\u00a0\u00bbfadeInLeft\u00a0\u00bb css=\u00a0\u00bb.vc_custom_1711190442368{margin-top: 30px !important;}\u00a0\u00bb][\/vc_column][vc_column width=\u00a0\u00bb1\/2&Prime;][vc_empty_space height=\u00a0\u00bb20px\u00a0\u00bb][vc_text_separator title=\u00a0\u00bb\u00c0 PROPOS DE NOUS\u00a0\u00bb color=\u00a0\u00bbblack\u00a0\u00bb][vc_empty_space height=\u00a0\u00bb20px\u00a0\u00bb][vc_column_text]CSA Global vise \u00e0 \u00eatre l&rsquo;un des leaders du march\u00e9 en fournissant des solutions commerciales couvrant l&rsquo;ensemble de la cha\u00eene d&rsquo;approvisionnement avec notre devise\u00a0: \u00ab\u00a0\u00c9levez votre strat\u00e9gie d&rsquo;approvisionnement gr\u00e2ce \u00e0 notre expertise\u00a0: fournisseurs haut de gamme, prix comp\u00e9titifs, qualit\u00e9 sans compromis et livraison dans les d\u00e9lais.\u00a0\u00bb<\/p>\n<p>La soci\u00e9t\u00e9 dispose de repr\u00e9sentants en Allemagne, en Belgique et en Turquie, ainsi que d&rsquo;agents et de partenaires dans le reste du monde. Notre \u00e9quipe multiculturelle et multilingue a plus de 32 ans d&rsquo;exp\u00e9rience en achats internationaux de haut niveau dans l&rsquo;industrie automobile tout en ex\u00e9cutant de nombreux projets de ressourcement, de transfert et de nouvelle conception afin de prouver notre capacit\u00e9 depuis des ann\u00e9es.<\/p>\n<p>Nous avons une connaissance tr\u00e8s d\u00e9taill\u00e9e sur toutes sortes de mati\u00e8res premi\u00e8res ainsi qu&rsquo;une exp\u00e9rience et un savoir-faire approfondis sur tous les produits tels que : Fonderie, Estampage, Moulage sous pression, Injection, Forgeage, Emboutissage profond, C\u00e2bles, M\u00e9canisme, Assemblage, etc. Apr\u00e8s des ann\u00e9es d\u2019exp\u00e9rience, nous avons cr\u00e9\u00e9 un r\u00e9seau de fournisseurs de premier ordre situ\u00e9 en Turquie, en Inde et en Chine.<\/p>\n<p>Notre objectif est de servir nos clients avec nos fournisseurs de panneaux dans les meilleures conditions de prix, de qualit\u00e9 et de livraison. Nous travaillons actuellement avec 10 entreprises automobiles mondiales diff\u00e9rentes (OEM, T\u0130ER 1) originaires d&rsquo;Allemagne, de France, d&rsquo;Espagne, des Pays-Bas et d&rsquo;Autriche avec un chiffre d&rsquo;affaires total de 70 milliards d&rsquo;euros.<\/p>\n<p>Parall\u00e8lement au conseil, nous travaillons \u00e9galement avec des entreprises de taille moyenne en Europe \u00e0 des fins commerciales afin de les accompagner dans leur strat\u00e9gie d&rsquo;approvisionnement au meilleur co\u00fbt.<\/p>\n<p>Alors venez nous consulter et laissez notre expertise vous aider, vous et votre produit, \u00e0 obtenir le meilleur avantage et le meilleur profit pour vous\u00a0![\/vc_column_text][\/vc_column][\/vc_row]<\/p>","protected":false},"excerpt":{"rendered":"<p>[vc_row][vc_column width=\u00a0\u00bb1\/2&Prime;][vc_single_image image=\u00a0\u00bb885&Prime; img_size=\u00a0\u00bbfull\u00a0\u00bb alignment=\u00a0\u00bbcenter\u00a0\u00bb style=\u00a0\u00bbvc_box_outline\u00a0\u00bb border_color=\u00a0\u00bbsky\u00a0\u00bb css_animation=\u00a0\u00bbfadeInLeft\u00a0\u00bb css=\u00a0\u00bb.vc_custom_1711190442368{margin-top: 30px !important;}\u00a0\u00bb][\/vc_column][vc_column width=\u00a0\u00bb1\/2&Prime;][vc_empty_space height=\u00a0\u00bb20px\u00a0\u00bb][vc_text_separator title=\u00a0\u00bb\u00c0 PROPOS DE NOUS\u00a0\u00bb color=\u00a0\u00bbblack\u00a0\u00bb][vc_empty_space height=\u00a0\u00bb20px\u00a0\u00bb][vc_column_text]CSA Global vise \u00e0 \u00eatre l&rsquo;un des leaders du march\u00e9 en fournissant des solutions commerciales couvrant l&rsquo;ensemble de la cha\u00eene d&rsquo;approvisionnement avec&#8230;<\/p>\n","protected":false},"author":1,"featured_media":0,"parent":0,"menu_order":0,"comment_status":"open","ping_status":"open","template":"","meta":{"footnotes":""},"class_list":["post-11","page","type-page","status-publish","hentry"],"_links":{"self":[{"href":"https:\/\/www.csa-global.com\/fr\/wp-json\/wp\/v2\/pages\/11","targetHints":{"allow":["GET"]}}],"collection":[{"href":"https:\/\/www.csa-global.com\/fr\/wp-json\/wp\/v2\/pages"}],"about":[{"href":"https:\/\/www.csa-global.com\/fr\/wp-json\/wp\/v2\/types\/page"}],"author":[{"embeddable":true,"href":"https:\/\/www.csa-global.com\/fr\/wp-json\/wp\/v2\/users\/1"}],"replies":[{"embeddable":true,"href":"https:\/\/www.csa-global.com\/fr\/wp-json\/wp\/v2\/comments?post=11"}],"version-history":[{"count":11,"href":"https:\/\/www.csa-global.com\/fr\/wp-json\/wp\/v2\/pages\/11\/revisions"}],"predecessor-version":[{"id":1036,"href":"https:\/\/www.csa-global.com\/fr\/wp-json\/wp\/v2\/pages\/11\/revisions\/1036"}],"wp:attachment":[{"href":"https:\/\/www.csa-global.com\/fr\/wp-json\/wp\/v2\/media?parent=11"}],"curies":[{"name":"wp","href":"https:\/\/api.w.org\/{rel}","templated":true}]}}