{"id":865,"date":"2024-03-23T12:27:04","date_gmt":"2024-03-23T09:27:04","guid":{"rendered":"https:\/\/www.csa-global.com\/?page_id=865"},"modified":"2024-06-06T05:23:38","modified_gmt":"2024-06-06T02:23:38","slug":"our-references","status":"publish","type":"page","link":"https:\/\/www.csa-global.com\/fr\/our-references\/","title":{"rendered":"REFERENCES"},"content":{"rendered":"<p>[vc_row][vc_column width=\u00a0\u00bb1\/2&Prime;][vc_single_image image=\u00a0\u00bb961&Prime; img_size=\u00a0\u00bbfull\u00a0\u00bb alignment=\u00a0\u00bbcenter\u00a0\u00bb style=\u00a0\u00bbvc_box_outline\u00a0\u00bb border_color=\u00a0\u00bbblue\u00a0\u00bb css_animation=\u00a0\u00bbfadeInDown\u00a0\u00bb][\/vc_column][vc_column width=\u00a0\u00bb1\/2&Prime; css=\u00a0\u00bb.vc_custom_1713317760890{margin-top: 100px !important;}\u00a0\u00bb][vc_column_text css_animation=\u00a0\u00bbfadeInRight\u00a0\u00bb]<strong>REFERENCES<\/strong><\/p>\n<p>Apr\u00e8s avoir \u00e9t\u00e9 dans l&rsquo;industrie pendant de nombreuses ann\u00e9es, notre r\u00e9putation et notre r\u00e9seau de confiance ont permis \u00e0 notre entreprise d&rsquo;\u00e9largir tr\u00e8s rapidement sa client\u00e8le.<\/p>\n<p>Nous sommes fiers d&rsquo;avoir plus de 30 clients internationaux appartenant \u00e0 de nombreux pays europ\u00e9ens, dont la France, l&rsquo;Allemagne, l&rsquo;Espagne, les Pays-Bas, l&rsquo;Autriche et la Bulgarie, principalement du secteur automobile, y compris tous les types de v\u00e9hicules tels que\u00a0: voitures particuli\u00e8res, v\u00e9hicules utilitaires, agricoles, bus, v\u00e9hicules de chantier, etc.<\/p>\n<p>Nous avons d\u00e9j\u00e0 sign\u00e9 des accords de non-divulgation avec plus de 10 grands constructeurs automobiles europ\u00e9ens (OEM ou TIER 1) en tant que consultant. Le chiffre d&rsquo;affaires total de ces clients atteint plus de 70 milliards d&rsquo;euros.<\/p>\n<p>En outre, nous soutenons \u00e9galement de nombreux autres clients europ\u00e9ens dans nos activit\u00e9s commerciales o\u00f9 nous suivons le processus depuis la phase de demande d&rsquo;offre jusqu&rsquo;\u00e0 la livraison sur place.[\/vc_column_text][\/vc_column][\/vc_row]<\/p>","protected":false},"excerpt":{"rendered":"<p>[vc_row][vc_column width=\u00a0\u00bb1\/2&Prime;][vc_single_image image=\u00a0\u00bb961&Prime; img_size=\u00a0\u00bbfull\u00a0\u00bb alignment=\u00a0\u00bbcenter\u00a0\u00bb style=\u00a0\u00bbvc_box_outline\u00a0\u00bb border_color=\u00a0\u00bbblue\u00a0\u00bb css_animation=\u00a0\u00bbfadeInDown\u00a0\u00bb][\/vc_column][vc_column width=\u00a0\u00bb1\/2&Prime; css=\u00a0\u00bb.vc_custom_1713317760890{margin-top: 100px !important;}\u00a0\u00bb][vc_column_text css_animation=\u00a0\u00bbfadeInRight\u00a0\u00bb]REFERENCES Apr\u00e8s avoir \u00e9t\u00e9 dans l&rsquo;industrie pendant de nombreuses ann\u00e9es, notre r\u00e9putation et notre r\u00e9seau de confiance ont permis \u00e0 notre entreprise d&rsquo;\u00e9largir tr\u00e8s rapidement sa client\u00e8le. Nous&#8230;<\/p>\n","protected":false},"author":1,"featured_media":0,"parent":0,"menu_order":0,"comment_status":"closed","ping_status":"closed","template":"","meta":{"footnotes":""},"class_list":["post-865","page","type-page","status-publish","hentry"],"_links":{"self":[{"href":"https:\/\/www.csa-global.com\/fr\/wp-json\/wp\/v2\/pages\/865","targetHints":{"allow":["GET"]}}],"collection":[{"href":"https:\/\/www.csa-global.com\/fr\/wp-json\/wp\/v2\/pages"}],"about":[{"href":"https:\/\/www.csa-global.com\/fr\/wp-json\/wp\/v2\/types\/page"}],"author":[{"embeddable":true,"href":"https:\/\/www.csa-global.com\/fr\/wp-json\/wp\/v2\/users\/1"}],"replies":[{"embeddable":true,"href":"https:\/\/www.csa-global.com\/fr\/wp-json\/wp\/v2\/comments?post=865"}],"version-history":[{"count":9,"href":"https:\/\/www.csa-global.com\/fr\/wp-json\/wp\/v2\/pages\/865\/revisions"}],"predecessor-version":[{"id":1035,"href":"https:\/\/www.csa-global.com\/fr\/wp-json\/wp\/v2\/pages\/865\/revisions\/1035"}],"wp:attachment":[{"href":"https:\/\/www.csa-global.com\/fr\/wp-json\/wp\/v2\/media?parent=865"}],"curies":[{"name":"wp","href":"https:\/\/api.w.org\/{rel}","templated":true}]}}