{"id":868,"date":"2024-03-23T12:28:01","date_gmt":"2024-03-23T09:28:01","guid":{"rendered":"https:\/\/www.csa-global.com\/?page_id=868"},"modified":"2024-06-26T04:28:30","modified_gmt":"2024-06-26T01:28:30","slug":"consulting-3","status":"publish","type":"page","link":"https:\/\/www.csa-global.com\/fr\/consulting-3\/","title":{"rendered":"Consulting"},"content":{"rendered":"<p>[vc_row][vc_column width=\u00a0\u00bb1\/2&Prime;][vc_single_image image=\u00a0\u00bb906&Prime; img_size=\u00a0\u00bbfull\u00a0\u00bb alignment=\u00a0\u00bbcenter\u00a0\u00bb style=\u00a0\u00bbvc_box_outline\u00a0\u00bb border_color=\u00a0\u00bbblue\u00a0\u00bb css_animation=\u00a0\u00bbfadeInDown\u00a0\u00bb][\/vc_column][vc_column width=\u00a0\u00bb1\/2&Prime;][vc_column_text css_animation=\u00a0\u00bbfadeInRight\u00a0\u00bb]<strong>Consultant<\/strong><\/p>\n<p>Notre service de conseil peut prendre de nombreuses formes en fonction des besoins individuels d&rsquo;une entreprise et peut inclure des partenariats \u00e0 long terme, des programmes \u00e0 court terme, des conseils d&rsquo;experts ou des projets sp\u00e9cifiques \u00e0 une cat\u00e9gorie. Ceux-ci peuvent inclure\u00a0:<\/p>\n<ul>\n<li>\u00c9valuation analytique des activit\u00e9s commerciales actuelles, y compris le processus d&rsquo;achat et les ressources<\/li>\n<li>Analyse comparative des conditions et accords existants<\/li>\n<li>R\u00e9appel d&rsquo;offres et n\u00e9gociation de contrats<\/li>\n<li>Rationalisation de la cha\u00eene d&rsquo;approvisionnement<\/li>\n<li>Projets de r\u00e9duction des co\u00fbts<\/li>\n<li>Acc\u00e8s \u00e0 de nouveaux march\u00e9s<\/li>\n<li>Gestion du changement<\/li>\n<li>\u00c9tudes de faisabilit\u00e9<\/li>\n<\/ul>\n<p>Notre approche est collaborative. En collaboration avec nos clients, nous d\u00e9veloppons un projet avec des plans, des jalons et des mesures de r\u00e9alisation clairs. Nous veillons ensuite \u00e0 ce que les progr\u00e8s soient suivis par des examens r\u00e9guliers.<\/p>\n<p>Notre \u00e9quipe exp\u00e9riment\u00e9e et dot\u00e9e d&rsquo;outils \u00e9quip\u00e9s peut rechercher vos proc\u00e9dures actuelles dans toutes les cat\u00e9gories de d\u00e9penses, en obtenant des donn\u00e9es des deux extr\u00e9mit\u00e9s de la cha\u00eene d&rsquo;approvisionnement pour identifier les forces, les faiblesses et formuler des recommandations.<\/p>\n<p>Notre phase d&rsquo;analyse comprendrait\u00a0:<\/p>\n<ul>\n<li>\u00c9valuation des conditions et proc\u00e9dures d\u2019achat<\/li>\n<li>Politiques de s\u00e9lection et de nomination des fournisseurs<\/li>\n<li>Strat\u00e9gie d&rsquo;achat actuelle<\/li>\n<li>Synth\u00e8se des achats annualis\u00e9s par produit et valeur<\/li>\n<\/ul>\n<p>Il porterait \u00e9galement sur\u00a0:<\/p>\n<ul>\n<li>Capacit\u00e9s du fournisseur<\/li>\n<li>Processus de commande<\/li>\n<li>Conformit\u00e9 des achats<\/li>\n<li>Qualit\u00e9 des biens et services fournis<\/li>\n<li>Contr\u00f4le des prix<\/li>\n<li>Inventaire<\/li>\n<li>Traitement de facture<\/li>\n<li>Modalit\u00e9s de paiement<\/li>\n<\/ul>\n<p>Un rapport d\u00e9taill\u00e9 de nos conclusions serait ensuite fourni, accompagn\u00e9 de recommandations pour une proposition de strat\u00e9gie de changement et d&rsquo;am\u00e9lioration.<\/p>\n<p>Ce n&rsquo;est qu&rsquo;apr\u00e8s discussions et accord avec vous que nous entreprendrons une activit\u00e9 progressive sp\u00e9cifique dans les domaines de responsabilit\u00e9 et dans les d\u00e9lais confirm\u00e9s. Chaque phase doit \u00eatre conclue par un rapport formel et un r\u00e9sum\u00e9 des actions entreprises et des avantages obtenus.[\/vc_column_text][\/vc_column][\/vc_row]<\/p>","protected":false},"excerpt":{"rendered":"<p>[vc_row][vc_column width=\u00a0\u00bb1\/2&Prime;][vc_single_image image=\u00a0\u00bb906&Prime; img_size=\u00a0\u00bbfull\u00a0\u00bb alignment=\u00a0\u00bbcenter\u00a0\u00bb style=\u00a0\u00bbvc_box_outline\u00a0\u00bb border_color=\u00a0\u00bbblue\u00a0\u00bb css_animation=\u00a0\u00bbfadeInDown\u00a0\u00bb][\/vc_column][vc_column width=\u00a0\u00bb1\/2&Prime;][vc_column_text css_animation=\u00a0\u00bbfadeInRight\u00a0\u00bb]Consultant Notre service de conseil peut prendre de nombreuses formes en fonction des besoins individuels d&rsquo;une entreprise et peut inclure des partenariats \u00e0 long terme, des programmes \u00e0 court terme, des&#8230;<\/p>\n","protected":false},"author":1,"featured_media":0,"parent":0,"menu_order":0,"comment_status":"closed","ping_status":"closed","template":"","meta":{"footnotes":""},"class_list":["post-868","page","type-page","status-publish","hentry"],"_links":{"self":[{"href":"https:\/\/www.csa-global.com\/fr\/wp-json\/wp\/v2\/pages\/868","targetHints":{"allow":["GET"]}}],"collection":[{"href":"https:\/\/www.csa-global.com\/fr\/wp-json\/wp\/v2\/pages"}],"about":[{"href":"https:\/\/www.csa-global.com\/fr\/wp-json\/wp\/v2\/types\/page"}],"author":[{"embeddable":true,"href":"https:\/\/www.csa-global.com\/fr\/wp-json\/wp\/v2\/users\/1"}],"replies":[{"embeddable":true,"href":"https:\/\/www.csa-global.com\/fr\/wp-json\/wp\/v2\/comments?post=868"}],"version-history":[{"count":10,"href":"https:\/\/www.csa-global.com\/fr\/wp-json\/wp\/v2\/pages\/868\/revisions"}],"predecessor-version":[{"id":1041,"href":"https:\/\/www.csa-global.com\/fr\/wp-json\/wp\/v2\/pages\/868\/revisions\/1041"}],"wp:attachment":[{"href":"https:\/\/www.csa-global.com\/fr\/wp-json\/wp\/v2\/media?parent=868"}],"curies":[{"name":"wp","href":"https:\/\/api.w.org\/{rel}","templated":true}]}}