{"id":870,"date":"2024-03-23T12:28:01","date_gmt":"2024-03-23T09:28:01","guid":{"rendered":"https:\/\/www.csa-global.com\/?page_id=870"},"modified":"2024-07-16T10:29:59","modified_gmt":"2024-07-16T07:29:59","slug":"strategic-sourcing","status":"publish","type":"page","link":"https:\/\/www.csa-global.com\/fr\/strategic-sourcing\/","title":{"rendered":"Sourcing"},"content":{"rendered":"<p>[vc_row][vc_column width=\u00a0\u00bb1\/2&Prime;][vc_single_image image=\u00a0\u00bb908&Prime; img_size=\u00a0\u00bbfull\u00a0\u00bb alignment=\u00a0\u00bbcenter\u00a0\u00bb style=\u00a0\u00bbvc_box_outline\u00a0\u00bb border_color=\u00a0\u00bbblue\u00a0\u00bb css_animation=\u00a0\u00bbfadeInDown\u00a0\u00bb][\/vc_column][vc_column width=\u00a0\u00bb1\/2&Prime;][vc_column_text css_animation=\u00a0\u00bbfadeInRight\u00a0\u00bb]<strong>Approvisionnement strat\u00e9gique<\/strong><\/p>\n<p>La Turquie offre l&rsquo;avantage de faibles co\u00fbts de fabrication gr\u00e2ce aux \u00e9conomies d&rsquo;\u00e9chelle, aux co\u00fbts de conception, de main d&rsquo;\u0153uvre et \u00e0 l&rsquo;approvisionnement local en outils et composants. Gr\u00e2ce \u00e0 un approvisionnement strat\u00e9gique en Turquie, nous pouvons r\u00e9aliser des \u00e9conomies de 20 \u00e0 40\u00a0% avec une qualit\u00e9 et une fiabilit\u00e9 \u00e9lev\u00e9es, r\u00e9coltant ainsi le maximum d&rsquo;avantages d&rsquo;un approvisionnement dans des pays \u00e0 faible co\u00fbt.<\/p>\n<p>CSA Global offre une compr\u00e9hension approfondie de tous les \u00e9l\u00e9ments de l&rsquo;approvisionnement strat\u00e9gique \u2013 de l&rsquo;identification des opportunit\u00e9s et de la gestion des d\u00e9penses \u00e0 l&rsquo;analyse de l&rsquo;approvisionnement du march\u00e9, au processus d&rsquo;appel d&rsquo;offres, \u00e0 la n\u00e9gociation et aux cartes de pointage des fournisseurs. Nous vous aidons \u00e9galement \u00e0 simplifier votre base de fournisseurs et proposons des fournisseurs alternatifs ayant le \u00ab co\u00fbt total unitaire \u00bb le plus bas.<\/p>\n<p>Ici, nous \u00e9valuons les fournisseurs sur la base de facteurs de co\u00fbt, de performance et de politique. Les activit\u00e9s propos\u00e9es comprennent :<\/p>\n<ul>\n<li>Analyse Pareto, identification des opportunit\u00e9s et estimation des \u00e9conomies<\/li>\n<li>Analyse de l&rsquo;offre du march\u00e9, tableau de bord des fournisseurs, liste des fournisseurs potentiels et<br \/>\nstrat\u00e9gie d&rsquo;approvisionnement<\/li>\n<li>Processus d\u2019appel d\u2019offres, mod\u00e8les d\u2019estimation des co\u00fbts et accompagnement dans les n\u00e9gociations<\/li>\n<li>Mise en place de la strat\u00e9gie de sourcing et accompagnement PPAP<\/li>\n<\/ul>\n<p>Une gestion syst\u00e9matique et d\u00e9taill\u00e9e des d\u00e9penses est essentielle pour les petites \u00e9quipes d\u2019achats. Nous vous aidons \u00e0 collecter vos donn\u00e9es de d\u00e9penses, \u00e0 les organiser syst\u00e9matiquement et \u00e0 identifier les opportunit\u00e9s d&rsquo;exploiter les d\u00e9penses existantes pour r\u00e9duire davantage les co\u00fbts \u2013 sans avoir besoin de changer de fournisseur existant.<\/p>\n<p>Lorsque cela est n\u00e9cessaire, nos meilleurs fournisseurs de panneaux agr\u00e9\u00e9s nous permettront d\u2019obtenir les meilleures performances en termes de co\u00fbt, de qualit\u00e9 et de d\u00e9lai.<\/p>\n<p>La gestion des risques, y compris la stabilit\u00e9 et la performance financi\u00e8res, est un facteur d\u00e9terminant pour une relation fournisseur \u00e0 long terme. CSA Global offre un cadre permettant d\u2019acc\u00e9der \u00e0 la performance financi\u00e8re du fabricant et \u00e0 toute indication d\u2019instabilit\u00e9 ou de faillite et de les comparer aux normes de l\u2019industrie. Nous proposons \u00e9galement des solutions pour identifier des sources alternatives de liquidit\u00e9s et r\u00e9duire les besoins en fonds de roulement.<\/p>\n<p>Nous proposons des mod\u00e8les de co\u00fbts pr\u00e9visionnels simples bas\u00e9s sur Excel pour une estimation plus rapide des co\u00fbts et un outil de guidage contre les augmentations de prix du fournisseur. Le mod\u00e8le de co\u00fbt devrait inclure le co\u00fbt plus le prix et est d\u00e9velopp\u00e9 \u00e0 l&rsquo;aide de moyennes g\u00e9n\u00e9rales du secteur, d&rsquo;informations provenant d&rsquo;experts en la mati\u00e8re ou de donn\u00e9es sp\u00e9cifiques de fournisseurs.[\/vc_column_text][\/vc_column][\/vc_row]<\/p>","protected":false},"excerpt":{"rendered":"<p>[vc_row][vc_column width=\u00a0\u00bb1\/2&Prime;][vc_single_image image=\u00a0\u00bb908&Prime; img_size=\u00a0\u00bbfull\u00a0\u00bb alignment=\u00a0\u00bbcenter\u00a0\u00bb style=\u00a0\u00bbvc_box_outline\u00a0\u00bb border_color=\u00a0\u00bbblue\u00a0\u00bb css_animation=\u00a0\u00bbfadeInDown\u00a0\u00bb][\/vc_column][vc_column width=\u00a0\u00bb1\/2&Prime;][vc_column_text css_animation=\u00a0\u00bbfadeInRight\u00a0\u00bb]Approvisionnement strat\u00e9gique La Turquie offre l&rsquo;avantage de faibles co\u00fbts de fabrication gr\u00e2ce aux \u00e9conomies d&rsquo;\u00e9chelle, aux co\u00fbts de conception, de main d&rsquo;\u0153uvre et \u00e0 l&rsquo;approvisionnement local en outils et composants. Gr\u00e2ce&#8230;<\/p>\n","protected":false},"author":1,"featured_media":0,"parent":0,"menu_order":0,"comment_status":"closed","ping_status":"closed","template":"","meta":{"footnotes":""},"class_list":["post-870","page","type-page","status-publish","hentry"],"_links":{"self":[{"href":"https:\/\/www.csa-global.com\/fr\/wp-json\/wp\/v2\/pages\/870","targetHints":{"allow":["GET"]}}],"collection":[{"href":"https:\/\/www.csa-global.com\/fr\/wp-json\/wp\/v2\/pages"}],"about":[{"href":"https:\/\/www.csa-global.com\/fr\/wp-json\/wp\/v2\/types\/page"}],"author":[{"embeddable":true,"href":"https:\/\/www.csa-global.com\/fr\/wp-json\/wp\/v2\/users\/1"}],"replies":[{"embeddable":true,"href":"https:\/\/www.csa-global.com\/fr\/wp-json\/wp\/v2\/comments?post=870"}],"version-history":[{"count":12,"href":"https:\/\/www.csa-global.com\/fr\/wp-json\/wp\/v2\/pages\/870\/revisions"}],"predecessor-version":[{"id":1050,"href":"https:\/\/www.csa-global.com\/fr\/wp-json\/wp\/v2\/pages\/870\/revisions\/1050"}],"wp:attachment":[{"href":"https:\/\/www.csa-global.com\/fr\/wp-json\/wp\/v2\/media?parent=870"}],"curies":[{"name":"wp","href":"https:\/\/api.w.org\/{rel}","templated":true}]}}