{"id":871,"date":"2024-03-23T12:28:01","date_gmt":"2024-03-23T09:28:01","guid":{"rendered":"https:\/\/www.csa-global.com\/?page_id=871"},"modified":"2024-07-16T10:33:15","modified_gmt":"2024-07-16T07:33:15","slug":"supplier-auditing","status":"publish","type":"page","link":"https:\/\/www.csa-global.com\/fr\/supplier-auditing\/","title":{"rendered":"Audit des fournisseurs"},"content":{"rendered":"<p>[vc_row][vc_column width=\u00a0\u00bb1\/2&Prime;][vc_single_image image=\u00a0\u00bb910&Prime; img_size=\u00a0\u00bbfull\u00a0\u00bb alignment=\u00a0\u00bbcenter\u00a0\u00bb style=\u00a0\u00bbvc_box_outline\u00a0\u00bb border_color=\u00a0\u00bbblue\u00a0\u00bb css_animation=\u00a0\u00bbfadeInDown\u00a0\u00bb][\/vc_column][vc_column width=\u00a0\u00bb1\/2&Prime;][vc_column_text css_animation=\u00a0\u00bbfadeInRight\u00a0\u00bb]<strong>Audit des fournisseurs<\/strong><\/p>\n<p>Pour les organisations entreprenant des programmes d&rsquo;assurance qualit\u00e9 des fournisseurs (SQA), les consultants de CSA Global (certifi\u00e9s par SGS YARSLEY) proposent un service d&rsquo;audit et d&rsquo;\u00e9valuation des fournisseurs professionnel et efficace dans toute la Turquie, l&rsquo;Europe, la Chine et l&rsquo;Inde, vous fournissant les informations dont vous avez besoin pour \u00e9valuer la comp\u00e9tence de vos fournisseurs.<\/p>\n<p>En faisant appel uniquement \u00e0 des auditeurs exp\u00e9riment\u00e9s, nous veillons \u00e0 ce que vous ayez une image compl\u00e8te de vos fournisseurs. Notre m\u00e9thodologie d\u2019\u00e9valuation peut \u00eatre adapt\u00e9e pour r\u00e9pondre aux besoins particuliers de votre programme SQA. Notre programme d\u2019audit typique comprend les \u00e9l\u00e9ments suivants\u00a0:<\/p>\n<ul>\n<li>Examen pr\u00e9alable \u00e0 l&rsquo;audit avec le client pour identifier la port\u00e9e et la nature des produits achet\u00e9s aupr\u00e8s du fournisseur, les exigences particuli\u00e8res, les domaines de pr\u00e9occupation et les exigences du client concernant la port\u00e9e et la documentation de l&rsquo;audit.<\/li>\n<li>Examen pr\u00e9alable \u00e0 l&rsquo;audit avec le fournisseur pour confirmer les dispositions relatives \u00e0 l&rsquo;audit, la nature et la port\u00e9e de l&rsquo;audit ainsi que le calendrier d&rsquo;activit\u00e9 pr\u00e9vu.<\/li>\n<li>Prise de r\u00e9f\u00e9rences fournisseurs.<\/li>\n<li>Audit sur site avec un d\u00e9briefing verbal au fournisseur \u00e0 la fin.<\/li>\n<li>Compte rendu verbal et r\u00e9sum\u00e9 des conclusions initiales au client \u00e0 la fin de l&rsquo;audit (si n\u00e9cessaire).<\/li>\n<li>Rapport r\u00e9capitulatif des domaines d&rsquo;am\u00e9lioration potentiels au fournisseur.<\/li>\n<\/ul>\n<p>Rapport d\u00e9taill\u00e9 des conclusions de l&rsquo;audit couvrant la gestion, les installations et l&rsquo;ad\u00e9quation du syst\u00e8me de gestion de la qualit\u00e9. Dans la mesure du possible, des photographies prises lors de l&rsquo;audit seront utilis\u00e9es. En plus du rapport d\u00e9taill\u00e9, un r\u00e9sum\u00e9 de gestion comprenant une recommandation sur l&rsquo;ad\u00e9quation du fournisseur sera fourni.[\/vc_column_text][\/vc_column][\/vc_row]<\/p>","protected":false},"excerpt":{"rendered":"<p>[vc_row][vc_column width=\u00a0\u00bb1\/2&Prime;][vc_single_image image=\u00a0\u00bb910&Prime; img_size=\u00a0\u00bbfull\u00a0\u00bb alignment=\u00a0\u00bbcenter\u00a0\u00bb style=\u00a0\u00bbvc_box_outline\u00a0\u00bb border_color=\u00a0\u00bbblue\u00a0\u00bb css_animation=\u00a0\u00bbfadeInDown\u00a0\u00bb][\/vc_column][vc_column width=\u00a0\u00bb1\/2&Prime;][vc_column_text css_animation=\u00a0\u00bbfadeInRight\u00a0\u00bb]Audit des fournisseurs Pour les organisations entreprenant des programmes d&rsquo;assurance qualit\u00e9 des fournisseurs (SQA), les consultants de CSA Global (certifi\u00e9s par SGS YARSLEY) proposent un service d&rsquo;audit et d&rsquo;\u00e9valuation des fournisseurs&#8230;<\/p>\n","protected":false},"author":1,"featured_media":0,"parent":0,"menu_order":0,"comment_status":"closed","ping_status":"closed","template":"","meta":{"footnotes":""},"class_list":["post-871","page","type-page","status-publish","hentry"],"_links":{"self":[{"href":"https:\/\/www.csa-global.com\/fr\/wp-json\/wp\/v2\/pages\/871","targetHints":{"allow":["GET"]}}],"collection":[{"href":"https:\/\/www.csa-global.com\/fr\/wp-json\/wp\/v2\/pages"}],"about":[{"href":"https:\/\/www.csa-global.com\/fr\/wp-json\/wp\/v2\/types\/page"}],"author":[{"embeddable":true,"href":"https:\/\/www.csa-global.com\/fr\/wp-json\/wp\/v2\/users\/1"}],"replies":[{"embeddable":true,"href":"https:\/\/www.csa-global.com\/fr\/wp-json\/wp\/v2\/comments?post=871"}],"version-history":[{"count":11,"href":"https:\/\/www.csa-global.com\/fr\/wp-json\/wp\/v2\/pages\/871\/revisions"}],"predecessor-version":[{"id":1051,"href":"https:\/\/www.csa-global.com\/fr\/wp-json\/wp\/v2\/pages\/871\/revisions\/1051"}],"wp:attachment":[{"href":"https:\/\/www.csa-global.com\/fr\/wp-json\/wp\/v2\/media?parent=871"}],"curies":[{"name":"wp","href":"https:\/\/api.w.org\/{rel}","templated":true}]}}