{"id":872,"date":"2024-03-23T12:28:01","date_gmt":"2024-03-23T09:28:01","guid":{"rendered":"https:\/\/www.csa-global.com\/?page_id=872"},"modified":"2024-06-06T05:08:13","modified_gmt":"2024-06-06T02:08:13","slug":"trading-2","status":"publish","type":"page","link":"https:\/\/www.csa-global.com\/fr\/trading-2\/","title":{"rendered":"Commerce"},"content":{"rendered":"<p>[vc_row][vc_column width=\u00a0\u00bb1\/2&Prime;][vc_single_image image=\u00a0\u00bb912&Prime; img_size=\u00a0\u00bbfull\u00a0\u00bb alignment=\u00a0\u00bbcenter\u00a0\u00bb style=\u00a0\u00bbvc_box_outline\u00a0\u00bb border_color=\u00a0\u00bbblue\u00a0\u00bb css_animation=\u00a0\u00bbfadeInDown\u00a0\u00bb][\/vc_column][vc_column width=\u00a0\u00bb1\/2&Prime;][vc_column_text css_animation=\u00a0\u00bbfadeInRight\u00a0\u00bb]<strong>Commerce<\/strong><\/p>\n<p>CSA Global, votre destination privil\u00e9gi\u00e9e pour des solutions de trading compl\u00e8tes. En mettant l\u2019accent sur l\u2019importation et l\u2019exportation, nous nous sp\u00e9cialisons dans la navigation transparente dans les complexit\u00e9s du commerce mondial, garantissant un processus fluide et efficace du d\u00e9but \u00e0 la fin.<\/p>\n<p>De la phase de demande de prix \u00e0 la livraison \u00e0 votre porte, il est de notre responsabilit\u00e9 de le faire de la mani\u00e8re la plus simple et \u00e0 votre convenance. Notre \u00e9quipe d\u00e9di\u00e9e d&rsquo;experts est \u00e9quip\u00e9e pour g\u00e9rer les d\u00e9tails du transport, de la logistique, de la documentation et des proc\u00e9dures douani\u00e8res, vous permettant de vous concentrer sur ce qui compte le plus : la croissance de votre entreprise. Nous g\u00e9rons tout de A \u00e0 Z.<\/p>\n<p>L\u2019\u00e9tendue des activit\u00e9s commerciales peut \u00eatre tr\u00e8s large en termes de secteur d\u2019activit\u00e9, de produit, de mat\u00e9riau et de volume.[\/vc_column_text][vc_single_image image=\u00a0\u00bb959&Prime; img_size=\u00a0\u00bbfull\u00a0\u00bb alignment=\u00a0\u00bbcenter\u00a0\u00bb style=\u00a0\u00bbvc_box_outline\u00a0\u00bb border_color=\u00a0\u00bbblue\u00a0\u00bb css_animation=\u00a0\u00bbfadeInDown\u00a0\u00bb css=\u00a0\u00bb.vc_custom_1713317173010{margin-top: 50px !important;}\u00a0\u00bb][\/vc_column][\/vc_row]<\/p>","protected":false},"excerpt":{"rendered":"<p>[vc_row][vc_column width=\u00a0\u00bb1\/2&Prime;][vc_single_image image=\u00a0\u00bb912&Prime; img_size=\u00a0\u00bbfull\u00a0\u00bb alignment=\u00a0\u00bbcenter\u00a0\u00bb style=\u00a0\u00bbvc_box_outline\u00a0\u00bb border_color=\u00a0\u00bbblue\u00a0\u00bb css_animation=\u00a0\u00bbfadeInDown\u00a0\u00bb][\/vc_column][vc_column width=\u00a0\u00bb1\/2&Prime;][vc_column_text css_animation=\u00a0\u00bbfadeInRight\u00a0\u00bb]Commerce CSA Global, votre destination privil\u00e9gi\u00e9e pour des solutions de trading compl\u00e8tes. En mettant l\u2019accent sur l\u2019importation et l\u2019exportation, nous nous sp\u00e9cialisons dans la navigation transparente dans les complexit\u00e9s du commerce&#8230;<\/p>\n","protected":false},"author":1,"featured_media":0,"parent":0,"menu_order":0,"comment_status":"closed","ping_status":"closed","template":"","meta":{"footnotes":""},"class_list":["post-872","page","type-page","status-publish","hentry"],"_links":{"self":[{"href":"https:\/\/www.csa-global.com\/fr\/wp-json\/wp\/v2\/pages\/872","targetHints":{"allow":["GET"]}}],"collection":[{"href":"https:\/\/www.csa-global.com\/fr\/wp-json\/wp\/v2\/pages"}],"about":[{"href":"https:\/\/www.csa-global.com\/fr\/wp-json\/wp\/v2\/types\/page"}],"author":[{"embeddable":true,"href":"https:\/\/www.csa-global.com\/fr\/wp-json\/wp\/v2\/users\/1"}],"replies":[{"embeddable":true,"href":"https:\/\/www.csa-global.com\/fr\/wp-json\/wp\/v2\/comments?post=872"}],"version-history":[{"count":10,"href":"https:\/\/www.csa-global.com\/fr\/wp-json\/wp\/v2\/pages\/872\/revisions"}],"predecessor-version":[{"id":1023,"href":"https:\/\/www.csa-global.com\/fr\/wp-json\/wp\/v2\/pages\/872\/revisions\/1023"}],"wp:attachment":[{"href":"https:\/\/www.csa-global.com\/fr\/wp-json\/wp\/v2\/media?parent=872"}],"curies":[{"name":"wp","href":"https:\/\/api.w.org\/{rel}","templated":true}]}}