{"id":887,"date":"2024-03-23T13:41:33","date_gmt":"2024-03-23T10:41:33","guid":{"rendered":"https:\/\/www.csa-global.com\/?page_id=887"},"modified":"2024-06-06T05:14:39","modified_gmt":"2024-06-06T02:14:39","slug":"mission","status":"publish","type":"page","link":"https:\/\/www.csa-global.com\/fr\/mission\/","title":{"rendered":"Mission"},"content":{"rendered":"<p>[vc_row][vc_column width=\u00a0\u00bb1\/2&Prime;][vc_single_image image=\u00a0\u00bb939&Prime; img_size=\u00a0\u00bbfull\u00a0\u00bb alignment=\u00a0\u00bbcenter\u00a0\u00bb][\/vc_column][vc_column width=\u00a0\u00bb1\/2&Prime;][vc_column_text]<\/p>\n<h3 style=\"text-align: center;\">\u00a0Le pont entre les pays \u00e0 bas co\u00fbts et les pays \u00e0 co\u00fbts \u00e9lev\u00e9s<\/h3>\n<p>&nbsp;<\/p>\n<p>Chez CSA Global, avec un riche h\u00e9ritage de 32 ans dans l&rsquo;industrie automobile, notre mission est de servir de pont essentiel reliant la Turquie au march\u00e9 mondial. Tirant parti de notre vaste expertise, nous nous engageons \u00e0 nous procurer des produits de haute qualit\u00e9 issus du paysage diversifi\u00e9 et riche de la Turquie. Simultan\u00e9ment, nous offrons des opportunit\u00e9s commerciales transparentes qui transcendent les fronti\u00e8res, favorisant les relations internationales et facilitant des \u00e9changes dynamiques entre la Turquie et le reste du monde.<\/p>\n<p>Fond\u00e9s sur les principes d\u2019innovation, de transparence et de collaboration, nous nous effor\u00e7ons de cr\u00e9er un r\u00e9seau mondial qui d\u00e9passe les fronti\u00e8res culturelles et g\u00e9ographiques. Gr\u00e2ce \u00e0 notre exp\u00e9rience chevronn\u00e9e, nous visons \u00e0 contribuer \u00e0 la croissance et \u00e0 la prosp\u00e9rit\u00e9 des entreprises en Turquie et \u00e0 l\u2019\u00e9tranger, en favorisant le d\u00e9veloppement \u00e9conomique et les \u00e9changes culturels.<\/p>\n<p>Rejoignez-nous dans ce voyage de 32 ans alors que nous construisons des ponts, favorisons les liens et faisons du monde un endroit plus proche et plus int\u00e9gr\u00e9.[\/vc_column_text][\/vc_column][\/vc_row]<\/p>","protected":false},"excerpt":{"rendered":"<p>[vc_row][vc_column width=\u00a0\u00bb1\/2&Prime;][vc_single_image image=\u00a0\u00bb939&Prime; img_size=\u00a0\u00bbfull\u00a0\u00bb alignment=\u00a0\u00bbcenter\u00a0\u00bb][\/vc_column][vc_column width=\u00a0\u00bb1\/2&Prime;][vc_column_text] \u00a0Le pont entre les pays \u00e0 bas co\u00fbts et les pays \u00e0 co\u00fbts \u00e9lev\u00e9s &nbsp; Chez CSA Global, avec un riche h\u00e9ritage de 32 ans dans l&rsquo;industrie automobile, notre mission est de servir de&#8230;<\/p>\n","protected":false},"author":1,"featured_media":0,"parent":0,"menu_order":0,"comment_status":"closed","ping_status":"closed","template":"","meta":{"footnotes":""},"class_list":["post-887","page","type-page","status-publish","hentry"],"_links":{"self":[{"href":"https:\/\/www.csa-global.com\/fr\/wp-json\/wp\/v2\/pages\/887","targetHints":{"allow":["GET"]}}],"collection":[{"href":"https:\/\/www.csa-global.com\/fr\/wp-json\/wp\/v2\/pages"}],"about":[{"href":"https:\/\/www.csa-global.com\/fr\/wp-json\/wp\/v2\/types\/page"}],"author":[{"embeddable":true,"href":"https:\/\/www.csa-global.com\/fr\/wp-json\/wp\/v2\/users\/1"}],"replies":[{"embeddable":true,"href":"https:\/\/www.csa-global.com\/fr\/wp-json\/wp\/v2\/comments?post=887"}],"version-history":[{"count":13,"href":"https:\/\/www.csa-global.com\/fr\/wp-json\/wp\/v2\/pages\/887\/revisions"}],"predecessor-version":[{"id":1031,"href":"https:\/\/www.csa-global.com\/fr\/wp-json\/wp\/v2\/pages\/887\/revisions\/1031"}],"wp:attachment":[{"href":"https:\/\/www.csa-global.com\/fr\/wp-json\/wp\/v2\/media?parent=887"}],"curies":[{"name":"wp","href":"https:\/\/api.w.org\/{rel}","templated":true}]}}