{"id":888,"date":"2024-03-23T13:41:43","date_gmt":"2024-03-23T10:41:43","guid":{"rendered":"https:\/\/www.csa-global.com\/?page_id=888"},"modified":"2024-07-16T10:16:30","modified_gmt":"2024-07-16T07:16:30","slug":"vision","status":"publish","type":"page","link":"https:\/\/www.csa-global.com\/fr\/vision\/","title":{"rendered":"Vision"},"content":{"rendered":"<p>[vc_row][vc_column width=\u00a0\u00bb1\/2&Prime;][vc_single_image image=\u00a0\u00bb944&Prime; img_size=\u00a0\u00bbfull\u00a0\u00bb alignment=\u00a0\u00bbcenter\u00a0\u00bb][\/vc_column][vc_column width=\u00a0\u00bb1\/2&Prime;][vc_column_text]<\/p>\n<h3 style=\"text-align: center;\">Des avantages concurrentiels gr\u00e2ce \u00e0 la collaboration<\/h3>\n<p>&nbsp;<\/p>\n<p>En envisageant l&rsquo;avenir chez CSA Global, nous voyons un march\u00e9 potentiel en croissance en Turquie en raison de sa situation g\u00e9ographique qui offre l&rsquo;avantage d&rsquo;un approvisionnement en produits rentable et de la meilleure qualit\u00e9. Notre vision est d&rsquo;\u00eatre la force motrice d&rsquo;un \u00e9cosyst\u00e8me dynamique o\u00f9 les entreprises turques s&rsquo;int\u00e8grent parfaitement au march\u00e9 mondial, en tirant parti de notre expertise et de notre vaste r\u00e9seau.<\/p>\n<p>Nous visons \u00e0 d\u00e9velopper une relation durable avec nos clients et \u00e0 les aider tout au long du processus.<\/p>\n<p>Vous pouvez faire confiance \u00e0 l\u2019expertise de CSA Global pour vos besoins d\u2019approvisionnement mondial et b\u00e9n\u00e9ficier de notre longue exp\u00e9rience aupr\u00e8s d\u2019un vaste r\u00e9seau de fournisseurs dans une grande vari\u00e9t\u00e9 d\u2019industries.<\/p>\n<p>Contactez-nous, nous serons heureux de discuter de vos int\u00e9r\u00eats et de voir comment nous pouvons vous aider, vous et votre entreprise.[\/vc_column_text][\/vc_column][\/vc_row]<\/p>","protected":false},"excerpt":{"rendered":"<p>[vc_row][vc_column width=\u00a0\u00bb1\/2&Prime;][vc_single_image image=\u00a0\u00bb944&Prime; img_size=\u00a0\u00bbfull\u00a0\u00bb alignment=\u00a0\u00bbcenter\u00a0\u00bb][\/vc_column][vc_column width=\u00a0\u00bb1\/2&Prime;][vc_column_text] Des avantages concurrentiels gr\u00e2ce \u00e0 la collaboration &nbsp; En envisageant l&rsquo;avenir chez CSA Global, nous voyons un march\u00e9 potentiel en croissance en Turquie en raison de sa situation g\u00e9ographique qui offre l&rsquo;avantage d&rsquo;un approvisionnement&#8230;<\/p>\n","protected":false},"author":1,"featured_media":0,"parent":0,"menu_order":0,"comment_status":"closed","ping_status":"closed","template":"","meta":{"footnotes":""},"class_list":["post-888","page","type-page","status-publish","hentry"],"_links":{"self":[{"href":"https:\/\/www.csa-global.com\/fr\/wp-json\/wp\/v2\/pages\/888","targetHints":{"allow":["GET"]}}],"collection":[{"href":"https:\/\/www.csa-global.com\/fr\/wp-json\/wp\/v2\/pages"}],"about":[{"href":"https:\/\/www.csa-global.com\/fr\/wp-json\/wp\/v2\/types\/page"}],"author":[{"embeddable":true,"href":"https:\/\/www.csa-global.com\/fr\/wp-json\/wp\/v2\/users\/1"}],"replies":[{"embeddable":true,"href":"https:\/\/www.csa-global.com\/fr\/wp-json\/wp\/v2\/comments?post=888"}],"version-history":[{"count":12,"href":"https:\/\/www.csa-global.com\/fr\/wp-json\/wp\/v2\/pages\/888\/revisions"}],"predecessor-version":[{"id":1043,"href":"https:\/\/www.csa-global.com\/fr\/wp-json\/wp\/v2\/pages\/888\/revisions\/1043"}],"wp:attachment":[{"href":"https:\/\/www.csa-global.com\/fr\/wp-json\/wp\/v2\/media?parent=888"}],"curies":[{"name":"wp","href":"https:\/\/api.w.org\/{rel}","templated":true}]}}